{"id":28322,"date":"2020-10-20T14:06:15","date_gmt":"2020-10-20T12:06:15","guid":{"rendered":"https:\/\/www.snoli.com\/produkt\/race-baskets\/"},"modified":"2020-10-20T14:06:15","modified_gmt":"2020-10-20T12:06:15","slug":"race-baskets","status":"publish","type":"product","link":"https:\/\/www.snoli.com\/en\/produkt\/race-baskets\/","title":{"rendered":"Race Baskets \u00d8 65mm, inside \u00d8 13mm, 10 pairs, black"},"content":{"rendered":"","protected":false},"excerpt":{"rendered":"<p>Race Baskets \u00d8 65mm, inside \u00d8 13mm, 10 pairs, black<\/p>\n","protected":false},"featured_media":27345,"template":"","meta":{"_acf_changed":false},"product_cat":[116],"product_tag":[],"acf":[],"_links":{"self":[{"href":"https:\/\/www.snoli.com\/en\/wp-json\/wp\/v2\/product\/28322"}],"collection":[{"href":"https:\/\/www.snoli.com\/en\/wp-json\/wp\/v2\/product"}],"about":[{"href":"https:\/\/www.snoli.com\/en\/wp-json\/wp\/v2\/types\/product"}],"wp:featuredmedia":[{"embeddable":true,"href":"https:\/\/www.snoli.com\/en\/wp-json\/wp\/v2\/media\/27345"}],"wp:attachment":[{"href":"https:\/\/www.snoli.com\/en\/wp-json\/wp\/v2\/media?parent=28322"}],"wp:term":[{"taxonomy":"product_cat","embeddable":true,"href":"https:\/\/www.snoli.com\/en\/wp-json\/wp\/v2\/product_cat?post=28322"},{"taxonomy":"product_tag","embeddable":true,"href":"https:\/\/www.snoli.com\/en\/wp-json\/wp\/v2\/product_tag?post=28322"}],"curies":[{"name":"wp","href":"https:\/\/api.w.org\/{rel}","templated":true}]}}